{"id":268,"date":"2023-04-04T22:24:39","date_gmt":"2023-04-05T03:24:39","guid":{"rendered":"https:\/\/dtomexico.com\/?page_id=268"},"modified":"2025-06-06T20:00:54","modified_gmt":"2025-06-07T02:00:54","slug":"servicios-opticos","status":"publish","type":"page","link":"https:\/\/dtomexico.com\/en\/servicios-opticos\/","title":{"rendered":"Cuadrillas y Capacitaci\u00f3n"},"content":{"rendered":"<div data-elementor-type=\"wp-page\" data-elementor-id=\"268\" class=\"elementor elementor-268\" data-elementor-post-type=\"page\">\n\t\t\t\t<div class=\"elementor-element elementor-element-a4c76f1 e-flex e-con-boxed e-con e-parent\" data-id=\"a4c76f1\" data-element_type=\"container\" data-settings=\"{&quot;background_background&quot;:&quot;classic&quot;,&quot;background_motion_fx_motion_fx_scrolling&quot;:&quot;yes&quot;,&quot;background_motion_fx_translateX_effect&quot;:&quot;yes&quot;,&quot;background_motion_fx_devices&quot;:[&quot;mobile&quot;],&quot;background_motion_fx_translateX_affectedRange&quot;:{&quot;unit&quot;:&quot;%&quot;,&quot;size&quot;:&quot;&quot;,&quot;sizes&quot;:{&quot;start&quot;:26,&quot;end&quot;:100}},&quot;background_motion_fx_translateX_speed&quot;:{&quot;unit&quot;:&quot;px&quot;,&quot;size&quot;:4,&quot;sizes&quot;:[]}}\">\n\t\t\t\t\t<div class=\"e-con-inner\">\n\t\t<div class=\"elementor-element elementor-element-0340a25 e-con-full e-flex e-con e-child\" data-id=\"0340a25\" data-element_type=\"container\">\n\t\t<div class=\"elementor-element elementor-element-3a44633 e-con-full e-flex e-con e-child\" data-id=\"3a44633\" data-element_type=\"container\">\n\t\t\t\t<div class=\"elementor-element elementor-element-a681553 elementor-widget elementor-widget-heading\" data-id=\"a681553\" data-element_type=\"widget\" data-widget_type=\"heading.default\">\n\t\t\t\t<div class=\"elementor-widget-container\">\n\t\t\t<style>\/*! elementor - v3.21.0 - 15-04-2024 *\/\n.elementor-heading-title{padding:0;margin:0;line-height:1}.elementor-widget-heading .elementor-heading-title[class*=elementor-size-]>a{color:inherit;font-size:inherit;line-height:inherit}.elementor-widget-heading .elementor-heading-title.elementor-size-small{font-size:15px}.elementor-widget-heading .elementor-heading-title.elementor-size-medium{font-size:19px}.elementor-widget-heading .elementor-heading-title.elementor-size-large{font-size:29px}.elementor-widget-heading .elementor-heading-title.elementor-size-xl{font-size:39px}.elementor-widget-heading .elementor-heading-title.elementor-size-xxl{font-size:59px}<\/style><h1 class=\"elementor-heading-title elementor-size-default\"><p><b>La mejor opci\u00f3n en capacitaci\u00f3n profesional y cuadrillas de apoyo operativo<\/b><\/p><\/h1>\t\t<\/div>\n\t\t\t\t<\/div>\n\t\t\t\t<div class=\"elementor-element elementor-element-ade0746 elementor-widget elementor-widget-spacer\" data-id=\"ade0746\" data-element_type=\"widget\" data-widget_type=\"spacer.default\">\n\t\t\t\t<div class=\"elementor-widget-container\">\n\t\t\t<style>\/*! elementor - v3.21.0 - 15-04-2024 *\/\n.elementor-column .elementor-spacer-inner{height:var(--spacer-size)}.e-con{--container-widget-width:100%}.e-con-inner>.elementor-widget-spacer,.e-con>.elementor-widget-spacer{width:var(--container-widget-width,var(--spacer-size));--align-self:var(--container-widget-align-self,initial);--flex-shrink:0}.e-con-inner>.elementor-widget-spacer>.elementor-widget-container,.e-con>.elementor-widget-spacer>.elementor-widget-container{height:100%;width:100%}.e-con-inner>.elementor-widget-spacer>.elementor-widget-container>.elementor-spacer,.e-con>.elementor-widget-spacer>.elementor-widget-container>.elementor-spacer{height:100%}.e-con-inner>.elementor-widget-spacer>.elementor-widget-container>.elementor-spacer>.elementor-spacer-inner,.e-con>.elementor-widget-spacer>.elementor-widget-container>.elementor-spacer>.elementor-spacer-inner{height:var(--container-widget-height,var(--spacer-size))}.e-con-inner>.elementor-widget-spacer.elementor-widget-empty,.e-con>.elementor-widget-spacer.elementor-widget-empty{position:relative;min-height:22px;min-width:22px}.e-con-inner>.elementor-widget-spacer.elementor-widget-empty .elementor-widget-empty-icon,.e-con>.elementor-widget-spacer.elementor-widget-empty .elementor-widget-empty-icon{position:absolute;top:0;bottom:0;left:0;right:0;margin:auto;padding:0;width:22px;height:22px}<\/style>\t\t<div class=\"elementor-spacer\">\n\t\t\t<div class=\"elementor-spacer-inner\"><\/div>\n\t\t<\/div>\n\t\t\t\t<\/div>\n\t\t\t\t<\/div>\n\t\t\t\t<div class=\"elementor-element elementor-element-82cd9f1 elementor-align-justify e-transform e-transform e-transform e-transform elementor-widget elementor-widget-button\" data-id=\"82cd9f1\" data-element_type=\"widget\" data-settings=\"{&quot;_transform_translateX_effect_hover&quot;:{&quot;unit&quot;:&quot;px&quot;,&quot;size&quot;:10,&quot;sizes&quot;:[]},&quot;_transform_scale_effect_hover&quot;:{&quot;unit&quot;:&quot;px&quot;,&quot;size&quot;:0.9,&quot;sizes&quot;:[]},&quot;_transform_scale_effect&quot;:{&quot;unit&quot;:&quot;px&quot;,&quot;size&quot;:&quot;&quot;,&quot;sizes&quot;:[]},&quot;_transform_scale_effect_tablet&quot;:{&quot;unit&quot;:&quot;px&quot;,&quot;size&quot;:&quot;&quot;,&quot;sizes&quot;:[]},&quot;_transform_scale_effect_mobile&quot;:{&quot;unit&quot;:&quot;px&quot;,&quot;size&quot;:&quot;&quot;,&quot;sizes&quot;:[]},&quot;_transform_rotateZ_effect_hover&quot;:{&quot;unit&quot;:&quot;px&quot;,&quot;size&quot;:&quot;&quot;,&quot;sizes&quot;:[]},&quot;_transform_rotateZ_effect_hover_tablet&quot;:{&quot;unit&quot;:&quot;deg&quot;,&quot;size&quot;:&quot;&quot;,&quot;sizes&quot;:[]},&quot;_transform_rotateZ_effect_hover_mobile&quot;:{&quot;unit&quot;:&quot;deg&quot;,&quot;size&quot;:&quot;&quot;,&quot;sizes&quot;:[]},&quot;_transform_translateX_effect_hover_tablet&quot;:{&quot;unit&quot;:&quot;px&quot;,&quot;size&quot;:&quot;&quot;,&quot;sizes&quot;:[]},&quot;_transform_translateX_effect_hover_mobile&quot;:{&quot;unit&quot;:&quot;px&quot;,&quot;size&quot;:&quot;&quot;,&quot;sizes&quot;:[]},&quot;_transform_translateY_effect_hover&quot;:{&quot;unit&quot;:&quot;px&quot;,&quot;size&quot;:&quot;&quot;,&quot;sizes&quot;:[]},&quot;_transform_translateY_effect_hover_tablet&quot;:{&quot;unit&quot;:&quot;px&quot;,&quot;size&quot;:&quot;&quot;,&quot;sizes&quot;:[]},&quot;_transform_translateY_effect_hover_mobile&quot;:{&quot;unit&quot;:&quot;px&quot;,&quot;size&quot;:&quot;&quot;,&quot;sizes&quot;:[]},&quot;_transform_scale_effect_hover_tablet&quot;:{&quot;unit&quot;:&quot;px&quot;,&quot;size&quot;:&quot;&quot;,&quot;sizes&quot;:[]},&quot;_transform_scale_effect_hover_mobile&quot;:{&quot;unit&quot;:&quot;px&quot;,&quot;size&quot;:&quot;&quot;,&quot;sizes&quot;:[]}}\" data-widget_type=\"button.default\">\n\t\t\t\t<div class=\"elementor-widget-container\">\n\t\t\t\t\t<div class=\"elementor-button-wrapper\">\n\t\t\t<a class=\"elementor-button elementor-button-link elementor-size-md\" href=\"#contacto\">\n\t\t\t\t\t\t<span class=\"elementor-button-content-wrapper\">\n\t\t\t\t\t\t<span class=\"elementor-button-icon elementor-align-icon-left\">\n\t\t\t\t<svg aria-hidden=\"true\" class=\"e-font-icon-svg e-fas-comment-dots\" viewbox=\"0 0 512 512\" xmlns=\"http:\/\/www.w3.org\/2000\/svg\"><path d=\"M256 32C114.6 32 0 125.1 0 240c0 49.6 21.4 95 57 130.7C44.5 421.1 2.7 466 2.2 466.5c-2.2 2.3-2.8 5.7-1.5 8.7S4.8 480 8 480c66.3 0 116-31.8 140.6-51.4 32.7 12.3 69 19.4 107.4 19.4 141.4 0 256-93.1 256-208S397.4 32 256 32zM128 272c-17.7 0-32-14.3-32-32s14.3-32 32-32 32 14.3 32 32-14.3 32-32 32zm128 0c-17.7 0-32-14.3-32-32s14.3-32 32-32 32 14.3 32 32-14.3 32-32 32zm128 0c-17.7 0-32-14.3-32-32s14.3-32 32-32 32 14.3 32 32-14.3 32-32 32z\"><\/path><\/svg>\t\t\t<\/span>\n\t\t\t\t\t\t\t\t\t<span class=\"elementor-button-text\">COTIZAR SERVICIOS<\/span>\n\t\t\t\t\t<\/span>\n\t\t\t\t\t<\/a>\n\t\t<\/div>\n\t\t\t\t<\/div>\n\t\t\t\t<\/div>\n\t\t\t\t<\/div>\n\t\t<div class=\"elementor-element elementor-element-aa6e490 e-con-full e-flex e-con e-child\" data-id=\"aa6e490\" data-element_type=\"container\">\n\t\t<div class=\"elementor-element elementor-element-d1db9df frosted e-flex e-con-boxed e-con e-child\" data-id=\"d1db9df\" data-element_type=\"container\" data-settings=\"{&quot;background_background&quot;:&quot;classic&quot;}\">\n\t\t\t\t\t<div class=\"e-con-inner\">\n\t\t\t\t<div class=\"elementor-element elementor-element-df91b54 elementor-widget elementor-widget-text-editor\" data-id=\"df91b54\" data-element_type=\"widget\" data-widget_type=\"text-editor.default\">\n\t\t\t\t<div class=\"elementor-widget-container\">\n\t\t\t<style>\/*! elementor - v3.21.0 - 15-04-2024 *\/\n.elementor-widget-text-editor.elementor-drop-cap-view-stacked .elementor-drop-cap{background-color:#69727d;color:#fff}.elementor-widget-text-editor.elementor-drop-cap-view-framed .elementor-drop-cap{color:#69727d;border:3px solid;background-color:transparent}.elementor-widget-text-editor:not(.elementor-drop-cap-view-default) .elementor-drop-cap{margin-top:8px}.elementor-widget-text-editor:not(.elementor-drop-cap-view-default) .elementor-drop-cap-letter{width:1em;height:1em}.elementor-widget-text-editor .elementor-drop-cap{float:left;text-align:center;line-height:1;font-size:50px}.elementor-widget-text-editor .elementor-drop-cap-letter{display:inline-block}<\/style>\t\t\t\t<p><strong>Soluciones integrales<\/strong><\/p><p>En <b>Desarrollos Tecnol\u00f3gicos \u00d3pticos (DTO)<\/b> estamos comprometidos en impulsar el crecimiento y la eficiencia de tu negocio \u00f3ptico.\u00a0<\/p><p>Sabemos que cada cliente enfrenta desaf\u00edos \u00fanicos, por eso dise\u00f1amos <b>soluciones a la medida<\/b> que combinan <b>formaci\u00f3n t\u00e9cnica<\/b> y <b>apoyo operativo especializado<\/b>.<\/p>\t\t\t\t\t\t<\/div>\n\t\t\t\t<\/div>\n\t\t\t\t\t<\/div>\n\t\t\t\t<\/div>\n\t\t\t\t<\/div>\n\t\t\t\t<\/div>\n\t\t\t\t\t<\/div>\n\t\t\t\t<\/div>\n\t\t<div class=\"elementor-element elementor-element-beb95d0 e-flex e-con-boxed e-con e-parent\" data-id=\"beb95d0\" data-element_type=\"container\">\n\t\t\t\t\t<div class=\"e-con-inner\">\n\t\t<div class=\"elementor-element elementor-element-f159c7f e-con-full e-flex e-con e-child\" data-id=\"f159c7f\" data-element_type=\"container\">\n\t\t\t\t<div class=\"elementor-element elementor-element-68b227d elementor-widget elementor-widget-image\" data-id=\"68b227d\" data-element_type=\"widget\" data-widget_type=\"image.default\">\n\t\t\t\t<div class=\"elementor-widget-container\">\n\t\t\t<style>\/*! elementor - v3.21.0 - 15-04-2024 *\/\n.elementor-widget-image{text-align:center}.elementor-widget-image a{display:inline-block}.elementor-widget-image a img[src$=\".svg\"]{width:48px}.elementor-widget-image img{vertical-align:middle;display:inline-block}<\/style>\t\t\t\t\t\t\t\t\t\t<img fetchpriority=\"high\" decoding=\"async\" width=\"800\" height=\"800\" src=\"https:\/\/dtomexico.com\/wp-content\/uploads\/2025\/06\/Capacitacion12-1024x1024.png\" class=\"attachment-large size-large wp-image-1350\" alt=\"\" srcset=\"https:\/\/dtomexico.com\/wp-content\/uploads\/2025\/06\/Capacitacion12-1024x1024.png 1024w, https:\/\/dtomexico.com\/wp-content\/uploads\/2025\/06\/Capacitacion12-300x300.png 300w, https:\/\/dtomexico.com\/wp-content\/uploads\/2025\/06\/Capacitacion12-150x150.png 150w, https:\/\/dtomexico.com\/wp-content\/uploads\/2025\/06\/Capacitacion12-768x768.png 768w, https:\/\/dtomexico.com\/wp-content\/uploads\/2025\/06\/Capacitacion12.png 1080w\" sizes=\"(max-width: 800px) 100vw, 800px\" \/>\t\t\t\t\t\t\t\t\t\t\t\t\t<\/div>\n\t\t\t\t<\/div>\n\t\t\t\t<\/div>\n\t\t<div class=\"elementor-element elementor-element-b05935f e-con-full e-flex e-con e-child\" data-id=\"b05935f\" data-element_type=\"container\">\n\t\t<div class=\"elementor-element elementor-element-c6c5a05 e-con-full e-flex e-con e-child\" data-id=\"c6c5a05\" data-element_type=\"container\">\n\t\t\t\t<div class=\"elementor-element elementor-element-1c5671e elementor-widget elementor-widget-text-editor\" data-id=\"1c5671e\" data-element_type=\"widget\" data-widget_type=\"text-editor.default\">\n\t\t\t\t<div class=\"elementor-widget-container\">\n\t\t\t\t\t\t\t<p class=\"MsoNormal\">Capacitaci\u00f3n que transforma.<\/p>\t\t\t\t\t\t<\/div>\n\t\t\t\t<\/div>\n\t\t\t\t<div class=\"elementor-element elementor-element-ad8e0f5 elementor-widget elementor-widget-text-editor\" data-id=\"ad8e0f5\" data-element_type=\"widget\" data-widget_type=\"text-editor.default\">\n\t\t\t\t<div class=\"elementor-widget-container\">\n\t\t\t\t\t\t\t<p>Te llevamos de la mano para alcanzar tus metas.<\/p>\t\t\t\t\t\t<\/div>\n\t\t\t\t<\/div>\n\t\t\t\t<div class=\"elementor-element elementor-element-ba9d859 elementor-widget elementor-widget-text-editor\" data-id=\"ba9d859\" data-element_type=\"widget\" data-widget_type=\"text-editor.default\">\n\t\t\t\t<div class=\"elementor-widget-container\">\n\t\t\t\t\t\t\t<p>Contamos con un equipo de <strong>t\u00e9cnicos especializados y certificados<\/strong>, con amplia experiencia en la industria \u00f3ptica, que imparten programas de capacitaci\u00f3n enfocados en:<\/p><ul><li>Tecnolog\u00eda Freeform y procesos \u00f3pticos<\/li><li>Adaptaci\u00f3n y prescripci\u00f3n avanzada<\/li><li>T\u00e9cnicas de biselado y montaje<\/li><li>Atenci\u00f3n al cliente y venta especializada<\/li><li>Procesos operativos y control de calidad<\/li><\/ul><div>\u00a0<\/div><p>Ofrecemos sesiones locales y for\u00e1neas, tanto te\u00f3ricas como pr\u00e1cticas, adaptadas al perfil de tu equipo y las necesidades de tu laboratorio u \u00f3ptica.<\/p>\t\t\t\t\t\t<\/div>\n\t\t\t\t<\/div>\n\t\t\t\t<\/div>\n\t\t\t\t<\/div>\n\t\t\t\t\t<\/div>\n\t\t\t\t<\/div>\n\t\t<div class=\"elementor-element elementor-element-ca13d4a e-flex e-con-boxed e-con e-parent\" data-id=\"ca13d4a\" data-element_type=\"container\">\n\t\t\t\t\t<div class=\"e-con-inner\">\n\t\t<div class=\"elementor-element elementor-element-2e9dda5 e-con-full e-flex e-con e-child\" data-id=\"2e9dda5\" data-element_type=\"container\">\n\t\t<div class=\"elementor-element elementor-element-2c33516 e-con-full e-flex e-con e-child\" data-id=\"2c33516\" data-element_type=\"container\">\n\t\t\t\t<div class=\"elementor-element elementor-element-e151692 elementor-widget elementor-widget-text-editor\" data-id=\"e151692\" data-element_type=\"widget\" data-widget_type=\"text-editor.default\">\n\t\t\t\t<div class=\"elementor-widget-container\">\n\t\t\t\t\t\t\t<p>\u00a0<\/p><p>\u00a0<\/p><p class=\"MsoNormal\">Soluciones r\u00e1pidas para momentos clave.<\/p>\t\t\t\t\t\t<\/div>\n\t\t\t\t<\/div>\n\t\t\t\t<div class=\"elementor-element elementor-element-cd4c420 elementor-widget elementor-widget-text-editor\" data-id=\"cd4c420\" data-element_type=\"widget\" data-widget_type=\"text-editor.default\">\n\t\t\t\t<div class=\"elementor-widget-container\">\n\t\t\t\t\t\t\t<p>Cuadrillas de apoyo operativo<\/p>\t\t\t\t\t\t<\/div>\n\t\t\t\t<\/div>\n\t\t\t\t<div class=\"elementor-element elementor-element-efe0bd8 elementor-widget elementor-widget-text-editor\" data-id=\"efe0bd8\" data-element_type=\"widget\" data-widget_type=\"text-editor.default\">\n\t\t\t\t<div class=\"elementor-widget-container\">\n\t\t\t\t\t\t\t<p>\u00a0<\/p><p style=\"font-weight: 400;\">Entendemos las exigencias de los laboratorios de alta producci\u00f3n, por ello brindamos\u00a0<b><strong>apoyo de personal calificado<\/strong><\/b>\u00a0directamente en tus instalaciones para cubrir:<\/p><ul style=\"font-weight: 400;\"><li>Incrementos de demanda estacionales o imprevistos<\/li><li>Cobertura de vacaciones o ausencias prolongadas<\/li><li>Proyectos especiales o capacitaciones en sitio<\/li><li>Refuerzo en \u00e1reas de proceso, biselado o control de calidad<\/li><\/ul><p style=\"font-weight: 400;\">Nuestro objetivo es que tu operaci\u00f3n nunca se detenga. Nos adaptamos r\u00e1pidamente para garantizar\u00a0<b><strong>continuidad, eficiencia y calidad<\/strong><\/b>\u00a0en tus procesos.<\/p><p>\u00a0<\/p><p>\u00a0<\/p>\t\t\t\t\t\t<\/div>\n\t\t\t\t<\/div>\n\t\t\t\t<\/div>\n\t\t\t\t<\/div>\n\t\t<div class=\"elementor-element elementor-element-80c762c e-con-full e-flex e-con e-child\" data-id=\"80c762c\" data-element_type=\"container\">\n\t\t\t\t<div class=\"elementor-element elementor-element-43e7a5e elementor-widget elementor-widget-image\" data-id=\"43e7a5e\" data-element_type=\"widget\" data-widget_type=\"image.default\">\n\t\t\t\t<div class=\"elementor-widget-container\">\n\t\t\t\t\t\t\t\t\t\t\t\t\t<img decoding=\"async\" width=\"800\" height=\"800\" src=\"https:\/\/dtomexico.com\/wp-content\/uploads\/2025\/06\/Cuadrilla-1024x1024.png\" class=\"attachment-large size-large wp-image-1336\" alt=\"\" srcset=\"https:\/\/dtomexico.com\/wp-content\/uploads\/2025\/06\/Cuadrilla-1024x1024.png 1024w, https:\/\/dtomexico.com\/wp-content\/uploads\/2025\/06\/Cuadrilla-300x300.png 300w, https:\/\/dtomexico.com\/wp-content\/uploads\/2025\/06\/Cuadrilla-150x150.png 150w, https:\/\/dtomexico.com\/wp-content\/uploads\/2025\/06\/Cuadrilla-768x768.png 768w, https:\/\/dtomexico.com\/wp-content\/uploads\/2025\/06\/Cuadrilla.png 1080w\" sizes=\"(max-width: 800px) 100vw, 800px\" \/>\t\t\t\t\t\t\t\t\t\t\t\t\t<\/div>\n\t\t\t\t<\/div>\n\t\t\t\t<\/div>\n\t\t\t\t\t<\/div>\n\t\t\t\t<\/div>\n\t\t<div class=\"elementor-element elementor-element-162c5a6 e-flex e-con-boxed e-con e-parent\" data-id=\"162c5a6\" data-element_type=\"container\">\n\t\t\t\t\t<div class=\"e-con-inner\">\n\t\t\t\t<div class=\"elementor-element elementor-element-7134496 elementor-widget elementor-widget-heading\" data-id=\"7134496\" data-element_type=\"widget\" data-widget_type=\"heading.default\">\n\t\t\t\t<div class=\"elementor-widget-container\">\n\t\t\t<h2 class=\"elementor-heading-title elementor-size-default\">Con DTO, tienes un socio estrat\u00e9gico que entiende tus retos y trabaja contigo para superarlos.<\/h2>\t\t<\/div>\n\t\t\t\t<\/div>\n\t\t\t\t\t<\/div>\n\t\t\t\t<\/div>\n\t\t\t\t<\/div>","protected":false},"excerpt":{"rendered":"<p>La mejor opci\u00f3n en capacitaci\u00f3n profesional y cuadrillas de apoyo operativo COTIZAR SERVICIOS Soluciones integrales En Desarrollos Tecnol\u00f3gicos \u00d3pticos (DTO) estamos comprometidos en impulsar el crecimiento y la eficiencia de tu negocio \u00f3ptico.\u00a0 Sabemos que cada cliente enfrenta desaf\u00edos \u00fanicos, por eso dise\u00f1amos soluciones a la medida que combinan formaci\u00f3n t\u00e9cnica y apoyo operativo especializado. [&hellip;]<\/p>","protected":false},"author":1,"featured_media":0,"parent":0,"menu_order":0,"comment_status":"closed","ping_status":"closed","template":"elementor_header_footer","meta":{"footnotes":""},"class_list":["post-268","page","type-page","status-publish","hentry"],"_links":{"self":[{"href":"https:\/\/dtomexico.com\/en\/wp-json\/wp\/v2\/pages\/268","targetHints":{"allow":["GET"]}}],"collection":[{"href":"https:\/\/dtomexico.com\/en\/wp-json\/wp\/v2\/pages"}],"about":[{"href":"https:\/\/dtomexico.com\/en\/wp-json\/wp\/v2\/types\/page"}],"author":[{"embeddable":true,"href":"https:\/\/dtomexico.com\/en\/wp-json\/wp\/v2\/users\/1"}],"replies":[{"embeddable":true,"href":"https:\/\/dtomexico.com\/en\/wp-json\/wp\/v2\/comments?post=268"}],"version-history":[{"count":62,"href":"https:\/\/dtomexico.com\/en\/wp-json\/wp\/v2\/pages\/268\/revisions"}],"predecessor-version":[{"id":1459,"href":"https:\/\/dtomexico.com\/en\/wp-json\/wp\/v2\/pages\/268\/revisions\/1459"}],"wp:attachment":[{"href":"https:\/\/dtomexico.com\/en\/wp-json\/wp\/v2\/media?parent=268"}],"curies":[{"name":"wp","href":"https:\/\/api.w.org\/{rel}","templated":true}]}}