{"id":852,"date":"2024-10-17T12:39:20","date_gmt":"2024-10-17T17:39:20","guid":{"rendered":"https:\/\/dtomexico.com\/?page_id=852"},"modified":"2024-10-17T15:52:35","modified_gmt":"2024-10-17T20:52:35","slug":"galeria","status":"publish","type":"page","link":"https:\/\/dtomexico.com\/en\/galeria\/","title":{"rendered":"Galer\u00eda"},"content":{"rendered":"<div data-elementor-type=\"wp-page\" data-elementor-id=\"852\" class=\"elementor elementor-852\" data-elementor-post-type=\"page\">\n\t\t\t\t<div class=\"elementor-element elementor-element-47eb9f2e e-flex e-con-boxed e-con e-parent\" data-id=\"47eb9f2e\" data-element_type=\"container\" data-settings=\"{&quot;background_background&quot;:&quot;classic&quot;,&quot;background_motion_fx_motion_fx_scrolling&quot;:&quot;yes&quot;,&quot;background_motion_fx_translateX_effect&quot;:&quot;yes&quot;,&quot;background_motion_fx_devices&quot;:[&quot;mobile&quot;],&quot;background_motion_fx_translateX_speed&quot;:{&quot;unit&quot;:&quot;px&quot;,&quot;size&quot;:4,&quot;sizes&quot;:[]},&quot;background_motion_fx_translateX_affectedRange&quot;:{&quot;unit&quot;:&quot;%&quot;,&quot;size&quot;:&quot;&quot;,&quot;sizes&quot;:{&quot;start&quot;:0,&quot;end&quot;:100}}}\">\n\t\t\t\t\t<div class=\"e-con-inner\">\n\t\t<div class=\"elementor-element elementor-element-1d50f841 e-con-full e-flex e-con e-child\" data-id=\"1d50f841\" data-element_type=\"container\">\n\t\t<div class=\"elementor-element elementor-element-4787e5b5 e-con-full e-flex e-con e-child\" data-id=\"4787e5b5\" data-element_type=\"container\">\n\t\t\t\t<div class=\"elementor-element elementor-element-4bc4bf5 elementor-widget elementor-widget-heading\" data-id=\"4bc4bf5\" data-element_type=\"widget\" data-widget_type=\"heading.default\">\n\t\t\t\t<div class=\"elementor-widget-container\">\n\t\t\t<style>\/*! elementor - v3.21.0 - 15-04-2024 *\/\n.elementor-heading-title{padding:0;margin:0;line-height:1}.elementor-widget-heading .elementor-heading-title[class*=elementor-size-]>a{color:inherit;font-size:inherit;line-height:inherit}.elementor-widget-heading .elementor-heading-title.elementor-size-small{font-size:15px}.elementor-widget-heading .elementor-heading-title.elementor-size-medium{font-size:19px}.elementor-widget-heading .elementor-heading-title.elementor-size-large{font-size:29px}.elementor-widget-heading .elementor-heading-title.elementor-size-xl{font-size:39px}.elementor-widget-heading .elementor-heading-title.elementor-size-xxl{font-size:59px}<\/style><h1 class=\"elementor-heading-title elementor-size-default\">Galer\u00eda de<br> Fotograf\u00edas.<\/h1>\t\t<\/div>\n\t\t\t\t<\/div>\n\t\t\t\t<div class=\"elementor-element elementor-element-609b6538 elementor-widget elementor-widget-spacer\" data-id=\"609b6538\" data-element_type=\"widget\" data-widget_type=\"spacer.default\">\n\t\t\t\t<div class=\"elementor-widget-container\">\n\t\t\t<style>\/*! elementor - v3.21.0 - 15-04-2024 *\/\n.elementor-column .elementor-spacer-inner{height:var(--spacer-size)}.e-con{--container-widget-width:100%}.e-con-inner>.elementor-widget-spacer,.e-con>.elementor-widget-spacer{width:var(--container-widget-width,var(--spacer-size));--align-self:var(--container-widget-align-self,initial);--flex-shrink:0}.e-con-inner>.elementor-widget-spacer>.elementor-widget-container,.e-con>.elementor-widget-spacer>.elementor-widget-container{height:100%;width:100%}.e-con-inner>.elementor-widget-spacer>.elementor-widget-container>.elementor-spacer,.e-con>.elementor-widget-spacer>.elementor-widget-container>.elementor-spacer{height:100%}.e-con-inner>.elementor-widget-spacer>.elementor-widget-container>.elementor-spacer>.elementor-spacer-inner,.e-con>.elementor-widget-spacer>.elementor-widget-container>.elementor-spacer>.elementor-spacer-inner{height:var(--container-widget-height,var(--spacer-size))}.e-con-inner>.elementor-widget-spacer.elementor-widget-empty,.e-con>.elementor-widget-spacer.elementor-widget-empty{position:relative;min-height:22px;min-width:22px}.e-con-inner>.elementor-widget-spacer.elementor-widget-empty .elementor-widget-empty-icon,.e-con>.elementor-widget-spacer.elementor-widget-empty .elementor-widget-empty-icon{position:absolute;top:0;bottom:0;left:0;right:0;margin:auto;padding:0;width:22px;height:22px}<\/style>\t\t<div class=\"elementor-spacer\">\n\t\t\t<div class=\"elementor-spacer-inner\"><\/div>\n\t\t<\/div>\n\t\t\t\t<\/div>\n\t\t\t\t<\/div>\n\t\t\t\t<div class=\"elementor-element elementor-element-3d7a04c1 elementor-align-justify e-transform e-transform e-transform e-transform elementor-widget elementor-widget-button\" data-id=\"3d7a04c1\" data-element_type=\"widget\" data-settings=\"{&quot;_transform_translateX_effect_hover&quot;:{&quot;unit&quot;:&quot;px&quot;,&quot;size&quot;:10,&quot;sizes&quot;:[]},&quot;_transform_scale_effect_hover&quot;:{&quot;unit&quot;:&quot;px&quot;,&quot;size&quot;:0.9,&quot;sizes&quot;:[]},&quot;_transform_scale_effect&quot;:{&quot;unit&quot;:&quot;px&quot;,&quot;size&quot;:&quot;&quot;,&quot;sizes&quot;:[]},&quot;_transform_scale_effect_tablet&quot;:{&quot;unit&quot;:&quot;px&quot;,&quot;size&quot;:&quot;&quot;,&quot;sizes&quot;:[]},&quot;_transform_scale_effect_mobile&quot;:{&quot;unit&quot;:&quot;px&quot;,&quot;size&quot;:&quot;&quot;,&quot;sizes&quot;:[]},&quot;_transform_rotateZ_effect_hover&quot;:{&quot;unit&quot;:&quot;px&quot;,&quot;size&quot;:&quot;&quot;,&quot;sizes&quot;:[]},&quot;_transform_rotateZ_effect_hover_tablet&quot;:{&quot;unit&quot;:&quot;deg&quot;,&quot;size&quot;:&quot;&quot;,&quot;sizes&quot;:[]},&quot;_transform_rotateZ_effect_hover_mobile&quot;:{&quot;unit&quot;:&quot;deg&quot;,&quot;size&quot;:&quot;&quot;,&quot;sizes&quot;:[]},&quot;_transform_translateX_effect_hover_tablet&quot;:{&quot;unit&quot;:&quot;px&quot;,&quot;size&quot;:&quot;&quot;,&quot;sizes&quot;:[]},&quot;_transform_translateX_effect_hover_mobile&quot;:{&quot;unit&quot;:&quot;px&quot;,&quot;size&quot;:&quot;&quot;,&quot;sizes&quot;:[]},&quot;_transform_translateY_effect_hover&quot;:{&quot;unit&quot;:&quot;px&quot;,&quot;size&quot;:&quot;&quot;,&quot;sizes&quot;:[]},&quot;_transform_translateY_effect_hover_tablet&quot;:{&quot;unit&quot;:&quot;px&quot;,&quot;size&quot;:&quot;&quot;,&quot;sizes&quot;:[]},&quot;_transform_translateY_effect_hover_mobile&quot;:{&quot;unit&quot;:&quot;px&quot;,&quot;size&quot;:&quot;&quot;,&quot;sizes&quot;:[]},&quot;_transform_scale_effect_hover_tablet&quot;:{&quot;unit&quot;:&quot;px&quot;,&quot;size&quot;:&quot;&quot;,&quot;sizes&quot;:[]},&quot;_transform_scale_effect_hover_mobile&quot;:{&quot;unit&quot;:&quot;px&quot;,&quot;size&quot;:&quot;&quot;,&quot;sizes&quot;:[]}}\" data-widget_type=\"button.default\">\n\t\t\t\t<div class=\"elementor-widget-container\">\n\t\t\t\t\t<div class=\"elementor-button-wrapper\">\n\t\t\t<a class=\"elementor-button elementor-button-link elementor-size-md\" href=\"#contacto\">\n\t\t\t\t\t\t<span class=\"elementor-button-content-wrapper\">\n\t\t\t\t\t\t<span class=\"elementor-button-icon elementor-align-icon-left\">\n\t\t\t\t<svg aria-hidden=\"true\" class=\"e-font-icon-svg e-fas-comment-dots\" viewbox=\"0 0 512 512\" xmlns=\"http:\/\/www.w3.org\/2000\/svg\"><path d=\"M256 32C114.6 32 0 125.1 0 240c0 49.6 21.4 95 57 130.7C44.5 421.1 2.7 466 2.2 466.5c-2.2 2.3-2.8 5.7-1.5 8.7S4.8 480 8 480c66.3 0 116-31.8 140.6-51.4 32.7 12.3 69 19.4 107.4 19.4 141.4 0 256-93.1 256-208S397.4 32 256 32zM128 272c-17.7 0-32-14.3-32-32s14.3-32 32-32 32 14.3 32 32-14.3 32-32 32zm128 0c-17.7 0-32-14.3-32-32s14.3-32 32-32 32 14.3 32 32-14.3 32-32 32zm128 0c-17.7 0-32-14.3-32-32s14.3-32 32-32 32 14.3 32 32-14.3 32-32 32z\"><\/path><\/svg>\t\t\t<\/span>\n\t\t\t\t\t\t\t\t\t<span class=\"elementor-button-text\">COTIZAR SERVICIOS<\/span>\n\t\t\t\t\t<\/span>\n\t\t\t\t\t<\/a>\n\t\t<\/div>\n\t\t\t\t<\/div>\n\t\t\t\t<\/div>\n\t\t\t\t<\/div>\n\t\t<div class=\"elementor-element elementor-element-7e76d171 e-con-full e-flex e-con e-child\" data-id=\"7e76d171\" data-element_type=\"container\">\n\t\t<div class=\"elementor-element elementor-element-71cb7cc2 frosted e-flex e-con-boxed e-con e-child\" data-id=\"71cb7cc2\" data-element_type=\"container\" data-settings=\"{&quot;background_background&quot;:&quot;classic&quot;}\">\n\t\t\t\t\t<div class=\"e-con-inner\">\n\t\t\t\t<div class=\"elementor-element elementor-element-51a2018e elementor-widget elementor-widget-text-editor\" data-id=\"51a2018e\" data-element_type=\"widget\" data-widget_type=\"text-editor.default\">\n\t\t\t\t<div class=\"elementor-widget-container\">\n\t\t\t<style>\/*! elementor - v3.21.0 - 15-04-2024 *\/\n.elementor-widget-text-editor.elementor-drop-cap-view-stacked .elementor-drop-cap{background-color:#69727d;color:#fff}.elementor-widget-text-editor.elementor-drop-cap-view-framed .elementor-drop-cap{color:#69727d;border:3px solid;background-color:transparent}.elementor-widget-text-editor:not(.elementor-drop-cap-view-default) .elementor-drop-cap{margin-top:8px}.elementor-widget-text-editor:not(.elementor-drop-cap-view-default) .elementor-drop-cap-letter{width:1em;height:1em}.elementor-widget-text-editor .elementor-drop-cap{float:left;text-align:center;line-height:1;font-size:50px}.elementor-widget-text-editor .elementor-drop-cap-letter{display:inline-block}<\/style>\t\t\t\t<p><b>Conoce DTO.<\/b><br>En DTO todos los trabajos son realizados por profesionales altamente capacitados y tecnolog\u00eda de \u00faltima generaci\u00f3n.<\/p>\t\t\t\t\t\t<\/div>\n\t\t\t\t<\/div>\n\t\t\t\t\t<\/div>\n\t\t\t\t<\/div>\n\t\t\t\t<\/div>\n\t\t\t\t<\/div>\n\t\t\t\t\t<\/div>\n\t\t\t\t<\/div>\n\t\t<div class=\"elementor-element elementor-element-095e64d e-flex e-con-boxed e-con e-parent\" data-id=\"095e64d\" data-element_type=\"container\">\n\t\t\t\t\t<div class=\"e-con-inner\">\n\t\t\t\t<div class=\"elementor-element elementor-element-1e51e0c elementor-widget elementor-widget-heading\" data-id=\"1e51e0c\" data-element_type=\"widget\" data-widget_type=\"heading.default\">\n\t\t\t\t<div class=\"elementor-widget-container\">\n\t\t\t<h2 class=\"elementor-heading-title elementor-size-default\">Matriz\nCiudad de\nM\u00e9xico<\/h2>\t\t<\/div>\n\t\t\t\t<\/div>\n\t\t\t\t\t<\/div>\n\t\t\t\t<\/div>\n\t\t<div class=\"elementor-element elementor-element-6fd1d84 e-flex e-con-boxed e-con e-parent\" data-id=\"6fd1d84\" data-element_type=\"container\" data-settings=\"{&quot;background_background&quot;:&quot;classic&quot;}\">\n\t\t\t\t\t<div class=\"e-con-inner\">\n\t\t\t\t<div class=\"elementor-element elementor-element-3237b4a elementor-widget elementor-widget-image\" data-id=\"3237b4a\" data-element_type=\"widget\" data-widget_type=\"image.default\">\n\t\t\t\t<div class=\"elementor-widget-container\">\n\t\t\t<style>\/*! elementor - v3.21.0 - 15-04-2024 *\/\n.elementor-widget-image{text-align:center}.elementor-widget-image a{display:inline-block}.elementor-widget-image a img[src$=\".svg\"]{width:48px}.elementor-widget-image img{vertical-align:middle;display:inline-block}<\/style>\t\t\t\t\t\t\t\t\t\t<img fetchpriority=\"high\" decoding=\"async\" width=\"800\" height=\"618\" src=\"https:\/\/dtomexico.com\/wp-content\/uploads\/2024\/08\/Maquinas-Duo-Flex-Satisloh2-1024x791.png\" class=\"attachment-large size-large wp-image-553\" alt=\"\" srcset=\"https:\/\/dtomexico.com\/wp-content\/uploads\/2024\/08\/Maquinas-Duo-Flex-Satisloh2-1024x791.png 1024w, https:\/\/dtomexico.com\/wp-content\/uploads\/2024\/08\/Maquinas-Duo-Flex-Satisloh2-300x232.png 300w, https:\/\/dtomexico.com\/wp-content\/uploads\/2024\/08\/Maquinas-Duo-Flex-Satisloh2-768x593.png 768w, https:\/\/dtomexico.com\/wp-content\/uploads\/2024\/08\/Maquinas-Duo-Flex-Satisloh2-1536x1187.png 1536w, https:\/\/dtomexico.com\/wp-content\/uploads\/2024\/08\/Maquinas-Duo-Flex-Satisloh2.png 1650w\" sizes=\"(max-width: 800px) 100vw, 800px\" \/>\t\t\t\t\t\t\t\t\t\t\t\t\t<\/div>\n\t\t\t\t<\/div>\n\t\t\t\t\t<\/div>\n\t\t\t\t<\/div>\n\t\t<div class=\"elementor-element elementor-element-39c6efc e-flex e-con-boxed e-con e-parent\" data-id=\"39c6efc\" data-element_type=\"container\" data-settings=\"{&quot;background_background&quot;:&quot;classic&quot;}\">\n\t\t\t\t\t<div class=\"e-con-inner\">\n\t\t\t\t<div class=\"elementor-element elementor-element-b1a773a elementor-widget elementor-widget-image\" data-id=\"b1a773a\" data-element_type=\"widget\" data-widget_type=\"image.default\">\n\t\t\t\t<div class=\"elementor-widget-container\">\n\t\t\t\t\t\t\t\t\t\t\t\t\t<img decoding=\"async\" width=\"800\" height=\"491\" src=\"https:\/\/dtomexico.com\/wp-content\/uploads\/2024\/08\/Equi-4-1024x629.jpeg\" class=\"attachment-large size-large wp-image-671\" alt=\"\" srcset=\"https:\/\/dtomexico.com\/wp-content\/uploads\/2024\/08\/Equi-4-1024x629.jpeg 1024w, https:\/\/dtomexico.com\/wp-content\/uploads\/2024\/08\/Equi-4-300x184.jpeg 300w, https:\/\/dtomexico.com\/wp-content\/uploads\/2024\/08\/Equi-4-768x472.jpeg 768w, https:\/\/dtomexico.com\/wp-content\/uploads\/2024\/08\/Equi-4.jpeg 1177w\" sizes=\"(max-width: 800px) 100vw, 800px\" \/>\t\t\t\t\t\t\t\t\t\t\t\t\t<\/div>\n\t\t\t\t<\/div>\n\t\t\t\t\t<\/div>\n\t\t\t\t<\/div>\n\t\t<div class=\"elementor-element elementor-element-36f0127 e-grid e-con-boxed e-con e-parent\" data-id=\"36f0127\" data-element_type=\"container\" data-settings=\"{&quot;background_background&quot;:&quot;classic&quot;}\">\n\t\t\t\t\t<div class=\"e-con-inner\">\n\t\t\t\t<div class=\"elementor-element elementor-element-70567ac elementor-widget elementor-widget-image\" data-id=\"70567ac\" data-element_type=\"widget\" data-widget_type=\"image.default\">\n\t\t\t\t<div class=\"elementor-widget-container\">\n\t\t\t\t\t\t\t\t\t\t\t\t\t<img decoding=\"async\" width=\"800\" height=\"618\" src=\"https:\/\/dtomexico.com\/wp-content\/uploads\/2024\/08\/2-1024x791.png\" class=\"attachment-large size-large wp-image-551\" alt=\"\" srcset=\"https:\/\/dtomexico.com\/wp-content\/uploads\/2024\/08\/2-1024x791.png 1024w, https:\/\/dtomexico.com\/wp-content\/uploads\/2024\/08\/2-300x232.png 300w, https:\/\/dtomexico.com\/wp-content\/uploads\/2024\/08\/2-768x593.png 768w, https:\/\/dtomexico.com\/wp-content\/uploads\/2024\/08\/2-1536x1187.png 1536w, https:\/\/dtomexico.com\/wp-content\/uploads\/2024\/08\/2.png 1650w\" sizes=\"(max-width: 800px) 100vw, 800px\" \/>\t\t\t\t\t\t\t\t\t\t\t\t\t<\/div>\n\t\t\t\t<\/div>\n\t\t\t\t<div class=\"elementor-element elementor-element-0ef507a elementor-widget elementor-widget-image\" data-id=\"0ef507a\" data-element_type=\"widget\" data-widget_type=\"image.default\">\n\t\t\t\t<div class=\"elementor-widget-container\">\n\t\t\t\t\t\t\t\t\t\t\t\t\t<img loading=\"lazy\" decoding=\"async\" width=\"800\" height=\"618\" src=\"https:\/\/dtomexico.com\/wp-content\/uploads\/2024\/08\/1-1024x791.png\" class=\"attachment-large size-large wp-image-552\" alt=\"\" srcset=\"https:\/\/dtomexico.com\/wp-content\/uploads\/2024\/08\/1-1024x791.png 1024w, https:\/\/dtomexico.com\/wp-content\/uploads\/2024\/08\/1-300x232.png 300w, https:\/\/dtomexico.com\/wp-content\/uploads\/2024\/08\/1-768x593.png 768w, https:\/\/dtomexico.com\/wp-content\/uploads\/2024\/08\/1-1536x1187.png 1536w, https:\/\/dtomexico.com\/wp-content\/uploads\/2024\/08\/1.png 1650w\" sizes=\"(max-width: 800px) 100vw, 800px\" \/>\t\t\t\t\t\t\t\t\t\t\t\t\t<\/div>\n\t\t\t\t<\/div>\n\t\t\t\t\t<\/div>\n\t\t\t\t<\/div>\n\t\t<div class=\"elementor-element elementor-element-ffcdc8c e-grid e-con-boxed e-con e-parent\" data-id=\"ffcdc8c\" data-element_type=\"container\" data-settings=\"{&quot;background_background&quot;:&quot;classic&quot;}\">\n\t\t\t\t\t<div class=\"e-con-inner\">\n\t\t\t\t<div class=\"elementor-element elementor-element-9b5e16d elementor-widget elementor-widget-image\" data-id=\"9b5e16d\" data-element_type=\"widget\" data-widget_type=\"image.default\">\n\t\t\t\t<div class=\"elementor-widget-container\">\n\t\t\t\t\t\t\t\t\t\t\t\t\t<img loading=\"lazy\" decoding=\"async\" width=\"800\" height=\"852\" src=\"https:\/\/dtomexico.com\/wp-content\/uploads\/2024\/10\/pulido-961x1024.png\" class=\"attachment-large size-large wp-image-747\" alt=\"\" srcset=\"https:\/\/dtomexico.com\/wp-content\/uploads\/2024\/10\/pulido-961x1024.png 961w, https:\/\/dtomexico.com\/wp-content\/uploads\/2024\/10\/pulido-282x300.png 282w, https:\/\/dtomexico.com\/wp-content\/uploads\/2024\/10\/pulido-768x818.png 768w, https:\/\/dtomexico.com\/wp-content\/uploads\/2024\/10\/pulido-1442x1536.png 1442w, https:\/\/dtomexico.com\/wp-content\/uploads\/2024\/10\/pulido-1923x2048.png 1923w\" sizes=\"(max-width: 800px) 100vw, 800px\" \/>\t\t\t\t\t\t\t\t\t\t\t\t\t<\/div>\n\t\t\t\t<\/div>\n\t\t\t\t<div class=\"elementor-element elementor-element-76c5fb5 elementor-widget elementor-widget-image\" data-id=\"76c5fb5\" data-element_type=\"widget\" data-widget_type=\"image.default\">\n\t\t\t\t<div class=\"elementor-widget-container\">\n\t\t\t\t\t\t\t\t\t\t\t\t\t<img loading=\"lazy\" decoding=\"async\" width=\"800\" height=\"618\" src=\"https:\/\/dtomexico.com\/wp-content\/uploads\/2024\/08\/3-1024x791.png\" class=\"attachment-large size-large wp-image-550\" alt=\"\" srcset=\"https:\/\/dtomexico.com\/wp-content\/uploads\/2024\/08\/3-1024x791.png 1024w, https:\/\/dtomexico.com\/wp-content\/uploads\/2024\/08\/3-300x232.png 300w, https:\/\/dtomexico.com\/wp-content\/uploads\/2024\/08\/3-768x593.png 768w, https:\/\/dtomexico.com\/wp-content\/uploads\/2024\/08\/3-1536x1187.png 1536w, https:\/\/dtomexico.com\/wp-content\/uploads\/2024\/08\/3.png 1650w\" sizes=\"(max-width: 800px) 100vw, 800px\" \/>\t\t\t\t\t\t\t\t\t\t\t\t\t<\/div>\n\t\t\t\t<\/div>\n\t\t\t\t\t<\/div>\n\t\t\t\t<\/div>\n\t\t<div class=\"elementor-element elementor-element-b53d33e e-flex e-con-boxed e-con e-parent\" data-id=\"b53d33e\" data-element_type=\"container\">\n\t\t\t\t\t<div class=\"e-con-inner\">\n\t\t\t\t<div class=\"elementor-element elementor-element-bb3514f elementor-widget elementor-widget-heading\" data-id=\"bb3514f\" data-element_type=\"widget\" data-widget_type=\"heading.default\">\n\t\t\t\t<div class=\"elementor-widget-container\">\n\t\t\t<h2 class=\"elementor-heading-title elementor-size-default\">Sucursal \nTijuana<\/h2>\t\t<\/div>\n\t\t\t\t<\/div>\n\t\t\t\t\t<\/div>\n\t\t\t\t<\/div>\n\t\t<div class=\"elementor-element elementor-element-7be4ee3 e-flex e-con-boxed e-con e-parent\" data-id=\"7be4ee3\" data-element_type=\"container\" data-settings=\"{&quot;background_background&quot;:&quot;classic&quot;}\">\n\t\t\t\t\t<div class=\"e-con-inner\">\n\t\t\t\t<div class=\"elementor-element elementor-element-30341a2 elementor-widget elementor-widget-image\" data-id=\"30341a2\" data-element_type=\"widget\" data-widget_type=\"image.default\">\n\t\t\t\t<div class=\"elementor-widget-container\">\n\t\t\t\t\t\t\t\t\t\t\t\t\t<img loading=\"lazy\" decoding=\"async\" width=\"800\" height=\"618\" src=\"https:\/\/dtomexico.com\/wp-content\/uploads\/2024\/08\/Tij-1-1024x791.png\" class=\"attachment-large size-large wp-image-685\" alt=\"\" srcset=\"https:\/\/dtomexico.com\/wp-content\/uploads\/2024\/08\/Tij-1-1024x791.png 1024w, https:\/\/dtomexico.com\/wp-content\/uploads\/2024\/08\/Tij-1-300x232.png 300w, https:\/\/dtomexico.com\/wp-content\/uploads\/2024\/08\/Tij-1-768x593.png 768w, https:\/\/dtomexico.com\/wp-content\/uploads\/2024\/08\/Tij-1-1536x1187.png 1536w, https:\/\/dtomexico.com\/wp-content\/uploads\/2024\/08\/Tij-1.png 1650w\" sizes=\"(max-width: 800px) 100vw, 800px\" \/>\t\t\t\t\t\t\t\t\t\t\t\t\t<\/div>\n\t\t\t\t<\/div>\n\t\t\t\t\t<\/div>\n\t\t\t\t<\/div>\n\t\t<div class=\"elementor-element elementor-element-62ae94f e-flex e-con-boxed e-con e-parent\" data-id=\"62ae94f\" data-element_type=\"container\" data-settings=\"{&quot;background_background&quot;:&quot;classic&quot;}\">\n\t\t\t\t\t<div class=\"e-con-inner\">\n\t\t\t\t<div class=\"elementor-element elementor-element-03f4ac2 elementor-widget elementor-widget-image\" data-id=\"03f4ac2\" data-element_type=\"widget\" data-widget_type=\"image.default\">\n\t\t\t\t<div class=\"elementor-widget-container\">\n\t\t\t\t\t\t\t\t\t\t\t\t\t<img loading=\"lazy\" decoding=\"async\" width=\"800\" height=\"618\" src=\"https:\/\/dtomexico.com\/wp-content\/uploads\/2024\/08\/Tij-2-1024x791.png\" class=\"attachment-large size-large wp-image-684\" alt=\"\" srcset=\"https:\/\/dtomexico.com\/wp-content\/uploads\/2024\/08\/Tij-2-1024x791.png 1024w, https:\/\/dtomexico.com\/wp-content\/uploads\/2024\/08\/Tij-2-300x232.png 300w, https:\/\/dtomexico.com\/wp-content\/uploads\/2024\/08\/Tij-2-768x593.png 768w, https:\/\/dtomexico.com\/wp-content\/uploads\/2024\/08\/Tij-2-1536x1187.png 1536w, https:\/\/dtomexico.com\/wp-content\/uploads\/2024\/08\/Tij-2.png 1650w\" sizes=\"(max-width: 800px) 100vw, 800px\" \/>\t\t\t\t\t\t\t\t\t\t\t\t\t<\/div>\n\t\t\t\t<\/div>\n\t\t\t\t\t<\/div>\n\t\t\t\t<\/div>\n\t\t\t\t<\/div>","protected":false},"excerpt":{"rendered":"<p>Galer\u00eda de Fotograf\u00edas. COTIZAR SERVICIOS Conoce DTO.En DTO todos los trabajos son realizados por profesionales altamente capacitados y tecnolog\u00eda de \u00faltima generaci\u00f3n. Matriz Ciudad de M\u00e9xico Sucursal Tijuana<\/p>","protected":false},"author":3,"featured_media":0,"parent":0,"menu_order":0,"comment_status":"closed","ping_status":"closed","template":"elementor_header_footer","meta":{"footnotes":""},"class_list":["post-852","page","type-page","status-publish","hentry"],"_links":{"self":[{"href":"https:\/\/dtomexico.com\/en\/wp-json\/wp\/v2\/pages\/852","targetHints":{"allow":["GET"]}}],"collection":[{"href":"https:\/\/dtomexico.com\/en\/wp-json\/wp\/v2\/pages"}],"about":[{"href":"https:\/\/dtomexico.com\/en\/wp-json\/wp\/v2\/types\/page"}],"author":[{"embeddable":true,"href":"https:\/\/dtomexico.com\/en\/wp-json\/wp\/v2\/users\/3"}],"replies":[{"embeddable":true,"href":"https:\/\/dtomexico.com\/en\/wp-json\/wp\/v2\/comments?post=852"}],"version-history":[{"count":25,"href":"https:\/\/dtomexico.com\/en\/wp-json\/wp\/v2\/pages\/852\/revisions"}],"predecessor-version":[{"id":913,"href":"https:\/\/dtomexico.com\/en\/wp-json\/wp\/v2\/pages\/852\/revisions\/913"}],"wp:attachment":[{"href":"https:\/\/dtomexico.com\/en\/wp-json\/wp\/v2\/media?parent=852"}],"curies":[{"name":"wp","href":"https:\/\/api.w.org\/{rel}","templated":true}]}}